{"id":18,"date":"2023-08-31T16:44:08","date_gmt":"2023-08-31T13:44:08","guid":{"rendered":"http:\/\/www.proargedestek.com\/?page_id=18"},"modified":"2024-09-30T10:10:30","modified_gmt":"2024-09-30T07:10:30","slug":"hakkimizda","status":"publish","type":"page","link":"https:\/\/www.proargedestek.com\/index.php\/hakkimizda\/","title":{"rendered":"HAKKIMIZDA"},"content":{"rendered":"\t\t<div data-elementor-type=\"wp-page\" data-elementor-id=\"18\" class=\"elementor elementor-18\">\n\t\t\t\t\t\t<section class=\"elementor-section elementor-top-section elementor-element elementor-element-6135d2f elementor-section-boxed elementor-section-height-default elementor-section-height-default\" data-id=\"6135d2f\" data-element_type=\"section\">\n\t\t\t\t\t\t<div class=\"elementor-container elementor-column-gap-default\">\n\t\t\t\t\t<div class=\"elementor-column elementor-col-100 elementor-top-column elementor-element elementor-element-5e7c3fb elementor-invisible\" data-id=\"5e7c3fb\" data-element_type=\"column\" data-settings=\"{&quot;animation&quot;:&quot;fadeInDown&quot;}\">\n\t\t\t<div class=\"elementor-widget-wrap elementor-element-populated\">\n\t\t\t\t\t\t<div class=\"elementor-element elementor-element-451b310 elementor-widget elementor-widget-heading\" data-id=\"451b310\" data-element_type=\"widget\" data-widget_type=\"heading.default\">\n\t\t\t\t<div class=\"elementor-widget-container\">\n\t\t\t<h2 class=\"elementor-heading-title elementor-size-default\">Hakk\u0131m\u0131zda<\/h2>\t\t<\/div>\n\t\t\t\t<\/div>\n\t\t\t\t\t<\/div>\n\t\t<\/div>\n\t\t\t\t\t<\/div>\n\t\t<\/section>\n\t\t\t\t<section class=\"elementor-section elementor-top-section elementor-element elementor-element-1b6325c elementor-section-boxed elementor-section-height-default elementor-section-height-default\" data-id=\"1b6325c\" data-element_type=\"section\">\n\t\t\t\t\t\t<div class=\"elementor-container elementor-column-gap-default\">\n\t\t\t\t\t<div class=\"elementor-column elementor-col-100 elementor-top-column elementor-element elementor-element-2a7d10e\" data-id=\"2a7d10e\" data-element_type=\"column\">\n\t\t\t<div class=\"elementor-widget-wrap elementor-element-populated\">\n\t\t\t\t\t\t<div class=\"elementor-element elementor-element-0094b7f elementor-invisible elementor-widget elementor-widget-text-editor\" data-id=\"0094b7f\" data-element_type=\"widget\" data-settings=\"{&quot;_animation&quot;:&quot;fadeInLeft&quot;}\" data-widget_type=\"text-editor.default\">\n\t\t\t\t<div class=\"elementor-widget-container\">\n\t\t\t\t\t\t\t<p>ProArGeDestek, kurucusunun Savunma Sanayii Teknolojileri, Sa\u011fl\u0131k Teknolojileri ve Yapay Zeka teknolojilerinde Ar-Ge ve Akademik deneyimiyle \u00f6ne \u00e7\u0131kan bir teknoloji tasar\u0131m hizmetleri \u015firketidir.<\/p>\n<p>\u015eirketimizde b\u00fcnyesinde 30&#8217;un \u00fczerinde \u00e7al\u0131\u015fan olup \u00e7al\u0131\u015fanlar\u0131m\u0131z\u0131n tamam\u0131, Savunma sanayii ve medikal teknolojiler alanlar\u0131nda y\u0131llarca profesyonel olarak g\u00f6rev yapm\u0131\u015f Elektrik, Elektronik, Bilgisayar, Makine ve Malzeme m\u00fchendislerinden olu\u015fmaktad\u0131r.<\/p>\n<p><span style=\"font-family: var( --e-global-typography-text-font-family ), Sans-serif; font-weight: var( --e-global-typography-text-font-weight ); font-size: 1rem;\">Ekibimiz her biri kendi alanlar\u0131nda uzman olarak, Ayg\u0131t Yaz\u0131l\u0131m\u0131, G\u00f6m\u00fcl\u00fc Yaz\u0131l\u0131m, FPGA \u00c7\u00f6z\u00fcmleri, RF Devre Tasar\u0131m\u0131 Elektronik Kart\/Devre Tasar\u0131m\u0131, Anten Tasar\u0131m\u0131 ve Yapay Zeka Tabanl\u0131 Teknolojik \u00dcr\u00fcn Geli\u015ftirme konular\u0131nda sonu\u00e7 odakl\u0131 \u00e7al\u0131\u015fmalar y\u00fcr\u00fctmektedir.<\/span><\/p>\n<p><span style=\"font-family: var( --e-global-typography-text-font-family ), Sans-serif; font-weight: var( --e-global-typography-text-font-weight ); font-size: 1rem;\">ProArGeDestek ekibi olarak kurulu\u015f amac\u0131m\u0131z m\u00fc\u015fterilerimizin katma de\u011ferli projeler kazanmas\u0131na, bu projeleri ba\u015far\u0131l\u0131 bir \u015fekilde y\u00fcr\u00fctebilmesine yol g\u00f6stermek ve yard\u0131mc\u0131 olmakt\u0131r.<\/span><\/p>\n<p>ProArGeDestek olarak,<\/p>\n<ul>\n<li><span style=\"font-family: var( --e-global-typography-text-font-family ), Sans-serif; font-weight: var( --e-global-typography-text-font-weight ); font-size: 1rem;\"><span style=\"font-family: var( --e-global-typography-text-font-family ), Sans-serif; font-weight: var( --e-global-typography-text-font-weight ); font-size: 1rem;\">\u0130\u00e7inde yer ald\u0131\u011f\u0131m\u0131z\/alaca\u011f\u0131m\u0131z projenin \u00f6zelliklerine g\u00f6re farkl\u0131 alanlar i\u00e7in uzman ekip havuzumuzdan ve \u00fcniversitelerden e\u015fle\u015ftirmeler ile Ar-Ge sinerjisi olu\u015fturuyoruz.<\/span><\/span><\/li>\n<li>Sizinle temasa ge\u00e7ti\u011fimiz andan itibaren ekibinizin bir par\u00e7as\u0131 gibi d\u00fc\u015f\u00fcn\u00fcyor ve sizi bu yakla\u015f\u0131mla y\u00f6nlendirmek i\u00e7in t\u00fcm birikimimizi hizmetinize sunuyoruz.<\/li>\n<li>Teknolojinin sadece takip\u00e7isi de\u011filiz, geli\u015ftirdi\u011fimiz projeleri sekt\u00f6r\u00fcn hizmetine sunuyoruz.<\/li>\n<\/ul>\t\t\t\t\t\t<\/div>\n\t\t\t\t<\/div>\n\t\t\t\t<div class=\"elementor-element elementor-element-19754f9 elementor-widget elementor-widget-spacer\" data-id=\"19754f9\" data-element_type=\"widget\" data-widget_type=\"spacer.default\">\n\t\t\t\t<div class=\"elementor-widget-container\">\n\t\t\t\t\t<div class=\"elementor-spacer\">\n\t\t\t<div class=\"elementor-spacer-inner\"><\/div>\n\t\t<\/div>\n\t\t\t\t<\/div>\n\t\t\t\t<\/div>\n\t\t\t\t\t<\/div>\n\t\t<\/div>\n\t\t\t\t\t<\/div>\n\t\t<\/section>\n\t\t\t\t<section class=\"elementor-section elementor-top-section elementor-element elementor-element-1157a02 elementor-section-boxed elementor-section-height-default elementor-section-height-default\" data-id=\"1157a02\" data-element_type=\"section\">\n\t\t\t\t\t\t<div class=\"elementor-container elementor-column-gap-default\">\n\t\t\t\t\t<div class=\"elementor-column elementor-col-50 elementor-top-column elementor-element elementor-element-4e045b3 elementor-invisible\" data-id=\"4e045b3\" data-element_type=\"column\" data-settings=\"{&quot;animation&quot;:&quot;fadeInLeft&quot;}\">\n\t\t\t<div class=\"elementor-widget-wrap elementor-element-populated\">\n\t\t\t\t\t\t<div class=\"elementor-element elementor-element-40ff14b elementor-widget elementor-widget-text-editor\" data-id=\"40ff14b\" data-element_type=\"widget\" data-widget_type=\"text-editor.default\">\n\t\t\t\t<div class=\"elementor-widget-container\">\n\t\t\t\t\t\t\t<p><strong>KURUCU:<\/strong>\u00a0Prof.\u00a0<span style=\"color: var( --e-global-color-text ); font-family: var( --e-global-typography-text-font-family ), Sans-serif; font-weight: var( --e-global-typography-text-font-weight );\">Dr. \u00d6mer KARAL<\/span><\/p>\t\t\t\t\t\t<\/div>\n\t\t\t\t<\/div>\n\t\t\t\t<div class=\"elementor-element elementor-element-3421c99 elementor-widget elementor-widget-image\" data-id=\"3421c99\" data-element_type=\"widget\" data-widget_type=\"image.default\">\n\t\t\t\t<div class=\"elementor-widget-container\">\n\t\t\t\t\t\t\t\t\t\t\t\t\t<img decoding=\"async\" src=\"https:\/\/www.proargedestek.com\/wp-content\/uploads\/elementor\/thumbs\/11-qcjbum8vhlns7vetq1u23hq0litzu51z2i4lr1kd38.jpg\" title=\"11\" alt=\"11\" loading=\"lazy\" \/>\t\t\t\t\t\t\t\t\t\t\t\t\t<\/div>\n\t\t\t\t<\/div>\n\t\t\t\t\t<\/div>\n\t\t<\/div>\n\t\t\t\t<div class=\"elementor-column elementor-col-50 elementor-top-column elementor-element elementor-element-02843ca elementor-invisible\" data-id=\"02843ca\" data-element_type=\"column\" data-settings=\"{&quot;animation&quot;:&quot;fadeInRight&quot;}\">\n\t\t\t<div class=\"elementor-widget-wrap elementor-element-populated\">\n\t\t\t\t\t\t<div class=\"elementor-element elementor-element-b70021a elementor-widget elementor-widget-spacer\" data-id=\"b70021a\" data-element_type=\"widget\" data-widget_type=\"spacer.default\">\n\t\t\t\t<div class=\"elementor-widget-container\">\n\t\t\t\t\t<div class=\"elementor-spacer\">\n\t\t\t<div class=\"elementor-spacer-inner\"><\/div>\n\t\t<\/div>\n\t\t\t\t<\/div>\n\t\t\t\t<\/div>\n\t\t\t\t<div class=\"elementor-element elementor-element-97ed291 elementor-widget elementor-widget-text-editor\" data-id=\"97ed291\" data-element_type=\"widget\" data-widget_type=\"text-editor.default\">\n\t\t\t\t<div class=\"elementor-widget-container\">\n\t\t\t\t\t\t\t<p><span style=\"font-family: Wingdings; font-size: 14px; text-indent: -24px; color: var( --e-global-color-text ); font-weight: var( --e-global-typography-text-font-weight );\">\u00d8 <\/span>Savunma Sanayi projelerinde Teknik ve \u0130dari Proje Y\u00f6netiminde g\u00f6rev alm\u0131\u015f ve hala devam eden,<\/p><p><span style=\"font-family: Wingdings; font-size: 14px; text-indent: -24px; color: var( --e-global-color-text ); font-weight: var( --e-global-typography-text-font-weight );\">\u00d8 <\/span>Sa\u011fl\u0131k Teknolojilerinde \u00e7e\u015fitli Ar-Ge tabanl\u0131 yerli ve mill\u00ee \u00fcr\u00fcnlerin geli\u015ftirilmesine katk\u0131da bulunmu\u015f ve hala yeni projeler \u00fcreten,<\/p><p><span style=\"font-family: Wingdings; font-size: 14px; text-indent: -24px; color: var( --e-global-color-text ); font-weight: var( --e-global-typography-text-font-weight );\">\u00d8 <\/span>Yapay Zeka\u2019n\u0131n end\u00fcstride \u00e7e\u015fitli alanlara uygulanmas\u0131 konular\u0131nda bilimsel ve \u00f6zg\u00fcn \u00e7al\u0131\u015fmalar \u00fcreten,<\/p><p>Kendini bilime adam\u0131\u015f bir akademisyendir.<\/p>\t\t\t\t\t\t<\/div>\n\t\t\t\t<\/div>\n\t\t\t\t\t<\/div>\n\t\t<\/div>\n\t\t\t\t\t<\/div>\n\t\t<\/section>\n\t\t\t\t<\/div>\n\t\t","protected":false},"excerpt":{"rendered":"<p>Hakk\u0131m\u0131zda ProArGeDestek, kurucusunun Savunma Sanayii Teknolojileri, Sa\u011fl\u0131k Teknolojileri ve Yapay Zeka teknolojilerinde Ar-Ge ve Akademik deneyimiyle \u00f6ne \u00e7\u0131kan bir teknoloji tasar\u0131m hizmetleri \u015firketidir. \u015eirketimizde b\u00fcnyesinde 30&#8217;un \u00fczerinde \u00e7al\u0131\u015fan olup \u00e7al\u0131\u015fanlar\u0131m\u0131z\u0131n tamam\u0131, Savunma sanayii ve medikal teknolojiler alanlar\u0131nda y\u0131llarca profesyonel olarak [&hellip;]<\/p>\n","protected":false},"author":1,"featured_media":2546,"parent":0,"menu_order":0,"comment_status":"closed","ping_status":"closed","template":"","meta":{"_monsterinsights_skip_tracking":false,"_monsterinsights_sitenote_active":false,"_monsterinsights_sitenote_note":"","_monsterinsights_sitenote_category":0,"footnotes":""},"class_list":["post-18","page","type-page","status-publish","has-post-thumbnail","hentry"],"aioseo_notices":[],"_links":{"self":[{"href":"https:\/\/www.proargedestek.com\/index.php\/wp-json\/wp\/v2\/pages\/18","targetHints":{"allow":["GET"]}}],"collection":[{"href":"https:\/\/www.proargedestek.com\/index.php\/wp-json\/wp\/v2\/pages"}],"about":[{"href":"https:\/\/www.proargedestek.com\/index.php\/wp-json\/wp\/v2\/types\/page"}],"author":[{"embeddable":true,"href":"https:\/\/www.proargedestek.com\/index.php\/wp-json\/wp\/v2\/users\/1"}],"replies":[{"embeddable":true,"href":"https:\/\/www.proargedestek.com\/index.php\/wp-json\/wp\/v2\/comments?post=18"}],"version-history":[{"count":64,"href":"https:\/\/www.proargedestek.com\/index.php\/wp-json\/wp\/v2\/pages\/18\/revisions"}],"predecessor-version":[{"id":3552,"href":"https:\/\/www.proargedestek.com\/index.php\/wp-json\/wp\/v2\/pages\/18\/revisions\/3552"}],"wp:featuredmedia":[{"embeddable":true,"href":"https:\/\/www.proargedestek.com\/index.php\/wp-json\/wp\/v2\/media\/2546"}],"wp:attachment":[{"href":"https:\/\/www.proargedestek.com\/index.php\/wp-json\/wp\/v2\/media?parent=18"}],"curies":[{"name":"wp","href":"https:\/\/api.w.org\/{rel}","templated":true}]}}