{"id":36,"date":"2023-08-31T16:46:32","date_gmt":"2023-08-31T13:46:32","guid":{"rendered":"http:\/\/www.proargedestek.com\/?page_id=36"},"modified":"2023-09-10T21:10:48","modified_gmt":"2023-09-10T18:10:48","slug":"yazilim-gelistirme","status":"publish","type":"page","link":"https:\/\/www.proargedestek.com\/index.php\/yazilim-gelistirme\/","title":{"rendered":"YAZILIM GEL\u0130\u015eT\u0130RME"},"content":{"rendered":"\t\t<div data-elementor-type=\"wp-page\" data-elementor-id=\"36\" class=\"elementor elementor-36\">\n\t\t\t\t\t\t<section class=\"elementor-section elementor-top-section elementor-element elementor-element-83a565c elementor-section-boxed elementor-section-height-default elementor-section-height-default\" data-id=\"83a565c\" data-element_type=\"section\">\n\t\t\t\t\t\t<div class=\"elementor-container elementor-column-gap-default\">\n\t\t\t\t\t<div class=\"elementor-column elementor-col-100 elementor-top-column elementor-element elementor-element-9a3c094\" data-id=\"9a3c094\" data-element_type=\"column\">\n\t\t\t<div class=\"elementor-widget-wrap elementor-element-populated\">\n\t\t\t\t\t\t<div class=\"elementor-element elementor-element-4bcf9bc elementor-invisible elementor-widget elementor-widget-heading\" data-id=\"4bcf9bc\" data-element_type=\"widget\" data-settings=\"{&quot;_animation&quot;:&quot;fadeInDown&quot;}\" data-widget_type=\"heading.default\">\n\t\t\t\t<div class=\"elementor-widget-container\">\n\t\t\t<h2 class=\"elementor-heading-title elementor-size-default\">Yaz\u0131l\u0131m Geli\u015ftirme<\/h2>\t\t<\/div>\n\t\t\t\t<\/div>\n\t\t\t\t\t<\/div>\n\t\t<\/div>\n\t\t\t\t\t<\/div>\n\t\t<\/section>\n\t\t\t\t<section class=\"elementor-section elementor-top-section elementor-element elementor-element-b64bb0f elementor-section-boxed elementor-section-height-default elementor-section-height-default\" data-id=\"b64bb0f\" data-element_type=\"section\">\n\t\t\t\t\t\t<div class=\"elementor-container elementor-column-gap-default\">\n\t\t\t\t\t<div class=\"elementor-column elementor-col-100 elementor-top-column elementor-element elementor-element-803b459\" data-id=\"803b459\" data-element_type=\"column\">\n\t\t\t<div class=\"elementor-widget-wrap elementor-element-populated\">\n\t\t\t\t\t\t<div class=\"elementor-element elementor-element-cecf675 elementor-invisible elementor-widget elementor-widget-text-editor\" data-id=\"cecf675\" data-element_type=\"widget\" data-settings=\"{&quot;_animation&quot;:&quot;fadeInLeft&quot;}\" data-widget_type=\"text-editor.default\">\n\t\t\t\t<div class=\"elementor-widget-container\">\n\t\t\t\t\t\t\t<p>\u0130htiya\u00e7 duydu\u011funuz yaz\u0131l\u0131m\u0131, \u00e7e\u015fitli platformlarda olu\u015fturarak sizlere u\u00e7tan uca yaz\u0131l\u0131m tasar\u0131m\u0131 sunuyoruz. Ayg\u0131t Yaz\u0131l\u0131m\u0131, G\u00f6m\u00fcl\u00fc sistem yaz\u0131l\u0131mlar\u0131, yapay zeka ve derin \u00f6\u011frenme algoritmalar\u0131 gibi birbirinden farkl\u0131 altyap\u0131lar ile ihtiyaca \u00f6zel yaz\u0131l\u0131mlar \u00fcretiyoruz.<\/p>\t\t\t\t\t\t<\/div>\n\t\t\t\t<\/div>\n\t\t\t\t\t<\/div>\n\t\t<\/div>\n\t\t\t\t\t<\/div>\n\t\t<\/section>\n\t\t\t\t<section class=\"elementor-section elementor-top-section elementor-element elementor-element-0369b6f elementor-section-boxed elementor-section-height-default elementor-section-height-default\" data-id=\"0369b6f\" data-element_type=\"section\">\n\t\t\t\t\t\t<div class=\"elementor-container elementor-column-gap-default\">\n\t\t\t\t\t<div class=\"elementor-column elementor-col-50 elementor-top-column elementor-element elementor-element-084b591\" data-id=\"084b591\" data-element_type=\"column\">\n\t\t\t<div class=\"elementor-widget-wrap elementor-element-populated\">\n\t\t\t\t\t\t<div class=\"elementor-element elementor-element-035abb5 elementor-invisible elementor-widget elementor-widget-text-editor\" data-id=\"035abb5\" data-element_type=\"widget\" data-settings=\"{&quot;_animation&quot;:&quot;fadeInLeft&quot;}\" data-widget_type=\"text-editor.default\">\n\t\t\t\t<div class=\"elementor-widget-container\">\n\t\t\t\t\t\t\t<p><strong style=\"font-family: var( --e-global-typography-text-font-family ), Sans-serif; font-size: 1rem;\">AYGIT YAZILIMI GEL\u0130\u015eT\u0130RME<\/strong><\/p><p>Y\u00fcksek h\u0131zl\u0131 veri aktar\u0131m uygulamalar\u0131<\/p><p>Ger\u00e7ek zamanl\u0131 G\u00f6r\u00fcnt\u00fc, Ses RF sinyal i\u015fleme uygulamalar\u0131<\/p><p>\u0130htiyaca \u00f6zel IP tasar\u0131m ve optimizasyon faaliyetleri<\/p><p>Mikroi\u015flemci tasar\u0131m\u0131 faaliyetleri<\/p><p>Donan\u0131m ile g\u00fc\u00e7lendirilmi\u015f yapay zeka uygulamalar\u0131<\/p><div>\u00a0<\/div>\t\t\t\t\t\t<\/div>\n\t\t\t\t<\/div>\n\t\t\t\t\t<\/div>\n\t\t<\/div>\n\t\t\t\t<div class=\"elementor-column elementor-col-50 elementor-top-column elementor-element elementor-element-7768527 elementor-invisible\" data-id=\"7768527\" data-element_type=\"column\" data-settings=\"{&quot;animation&quot;:&quot;fadeInRight&quot;}\">\n\t\t\t<div class=\"elementor-widget-wrap elementor-element-populated\">\n\t\t\t\t\t\t<div class=\"elementor-element elementor-element-831d84b elementor-widget elementor-widget-image\" data-id=\"831d84b\" data-element_type=\"widget\" data-widget_type=\"image.default\">\n\t\t\t\t<div class=\"elementor-widget-container\">\n\t\t\t\t\t\t\t\t\t\t\t\t\t<img fetchpriority=\"high\" decoding=\"async\" width=\"360\" height=\"270\" src=\"https:\/\/www.proargedestek.com\/wp-content\/uploads\/2023\/09\/0_5fPiUYMpWePCARSA-360x270.jpg\" class=\"attachment-buziness-blog size-buziness-blog wp-image-2779\" alt=\"\" \/>\t\t\t\t\t\t\t\t\t\t\t\t\t<\/div>\n\t\t\t\t<\/div>\n\t\t\t\t<div class=\"elementor-element elementor-element-f2d1a7b elementor-widget elementor-widget-spacer\" data-id=\"f2d1a7b\" data-element_type=\"widget\" data-widget_type=\"spacer.default\">\n\t\t\t\t<div class=\"elementor-widget-container\">\n\t\t\t\t\t<div class=\"elementor-spacer\">\n\t\t\t<div class=\"elementor-spacer-inner\"><\/div>\n\t\t<\/div>\n\t\t\t\t<\/div>\n\t\t\t\t<\/div>\n\t\t\t\t\t<\/div>\n\t\t<\/div>\n\t\t\t\t\t<\/div>\n\t\t<\/section>\n\t\t\t\t<section class=\"elementor-section elementor-top-section elementor-element elementor-element-ba007f2 elementor-section-boxed elementor-section-height-default elementor-section-height-default\" data-id=\"ba007f2\" data-element_type=\"section\">\n\t\t\t\t\t\t<div class=\"elementor-container elementor-column-gap-default\">\n\t\t\t\t\t<div class=\"elementor-column elementor-col-50 elementor-top-column elementor-element elementor-element-d592bf4 elementor-invisible\" data-id=\"d592bf4\" data-element_type=\"column\" data-settings=\"{&quot;animation&quot;:&quot;fadeInLeft&quot;}\">\n\t\t\t<div class=\"elementor-widget-wrap elementor-element-populated\">\n\t\t\t\t\t\t<div class=\"elementor-element elementor-element-9dc2d0d elementor-widget elementor-widget-text-editor\" data-id=\"9dc2d0d\" data-element_type=\"widget\" data-widget_type=\"text-editor.default\">\n\t\t\t\t<div class=\"elementor-widget-container\">\n\t\t\t\t\t\t\t<p><span style=\"font-weight: bold; color: #111111;\">G\u00d6M\u00dcL\u00dc YAZILIM GEL\u0130\u015eT\u0130RME<\/span><\/p><p><span style=\"font-family: var( --e-global-typography-text-font-family ), Sans-serif; font-weight: var( --e-global-typography-text-font-weight ); font-size: 1rem;\">Ger\u00e7ek zamanl\u0131 i\u015fletim sistemi uygulamalar\u0131<\/span><\/p><p>\u0130htiyaca \u00f6zel protokol geli\u015ftirme faaliyetleri<\/p><p>Ger\u00e7ek zamanl\u0131 sinyal i\u015fleme uygulamalar\u0131<\/p><p>Paralel i\u015fleme ile optimizasyon uygulamalar\u0131<\/p><p>DO 178, 254 , MISRA C standartlar\u0131na uyumlu geli\u015ftirme kabiliyetleri<\/p>\t\t\t\t\t\t<\/div>\n\t\t\t\t<\/div>\n\t\t\t\t\t<\/div>\n\t\t<\/div>\n\t\t\t\t<div class=\"elementor-column elementor-col-50 elementor-top-column elementor-element elementor-element-4a41b9a elementor-invisible\" data-id=\"4a41b9a\" data-element_type=\"column\" data-settings=\"{&quot;animation&quot;:&quot;fadeInRight&quot;}\">\n\t\t\t<div class=\"elementor-widget-wrap elementor-element-populated\">\n\t\t\t\t\t\t<div class=\"elementor-element elementor-element-15b7940 elementor-widget elementor-widget-image\" data-id=\"15b7940\" data-element_type=\"widget\" data-widget_type=\"image.default\">\n\t\t\t\t<div class=\"elementor-widget-container\">\n\t\t\t\t\t\t\t\t\t\t\t\t\t<img decoding=\"async\" width=\"360\" height=\"270\" src=\"https:\/\/www.proargedestek.com\/wp-content\/uploads\/2023\/09\/esd-360x270.jpg\" class=\"attachment-buziness-blog size-buziness-blog wp-image-2781\" alt=\"\" \/>\t\t\t\t\t\t\t\t\t\t\t\t\t<\/div>\n\t\t\t\t<\/div>\n\t\t\t\t\t<\/div>\n\t\t<\/div>\n\t\t\t\t\t<\/div>\n\t\t<\/section>\n\t\t\t\t<\/div>\n\t\t","protected":false},"excerpt":{"rendered":"<p>Yaz\u0131l\u0131m Geli\u015ftirme \u0130htiya\u00e7 duydu\u011funuz yaz\u0131l\u0131m\u0131, \u00e7e\u015fitli platformlarda olu\u015fturarak sizlere u\u00e7tan uca yaz\u0131l\u0131m tasar\u0131m\u0131 sunuyoruz. Ayg\u0131t Yaz\u0131l\u0131m\u0131, G\u00f6m\u00fcl\u00fc sistem yaz\u0131l\u0131mlar\u0131, yapay zeka ve derin \u00f6\u011frenme algoritmalar\u0131 gibi birbirinden farkl\u0131 altyap\u0131lar ile ihtiyaca \u00f6zel yaz\u0131l\u0131mlar \u00fcretiyoruz. AYGIT YAZILIMI GEL\u0130\u015eT\u0130RME Y\u00fcksek h\u0131zl\u0131 veri [&hellip;]<\/p>\n","protected":false},"author":1,"featured_media":2818,"parent":0,"menu_order":0,"comment_status":"closed","ping_status":"closed","template":"","meta":{"_monsterinsights_skip_tracking":false,"_monsterinsights_sitenote_active":false,"_monsterinsights_sitenote_note":"","_monsterinsights_sitenote_category":0,"footnotes":""},"class_list":["post-36","page","type-page","status-publish","has-post-thumbnail","hentry"],"aioseo_notices":[],"_links":{"self":[{"href":"https:\/\/www.proargedestek.com\/index.php\/wp-json\/wp\/v2\/pages\/36","targetHints":{"allow":["GET"]}}],"collection":[{"href":"https:\/\/www.proargedestek.com\/index.php\/wp-json\/wp\/v2\/pages"}],"about":[{"href":"https:\/\/www.proargedestek.com\/index.php\/wp-json\/wp\/v2\/types\/page"}],"author":[{"embeddable":true,"href":"https:\/\/www.proargedestek.com\/index.php\/wp-json\/wp\/v2\/users\/1"}],"replies":[{"embeddable":true,"href":"https:\/\/www.proargedestek.com\/index.php\/wp-json\/wp\/v2\/comments?post=36"}],"version-history":[{"count":29,"href":"https:\/\/www.proargedestek.com\/index.php\/wp-json\/wp\/v2\/pages\/36\/revisions"}],"predecessor-version":[{"id":2966,"href":"https:\/\/www.proargedestek.com\/index.php\/wp-json\/wp\/v2\/pages\/36\/revisions\/2966"}],"wp:featuredmedia":[{"embeddable":true,"href":"https:\/\/www.proargedestek.com\/index.php\/wp-json\/wp\/v2\/media\/2818"}],"wp:attachment":[{"href":"https:\/\/www.proargedestek.com\/index.php\/wp-json\/wp\/v2\/media?parent=36"}],"curies":[{"name":"wp","href":"https:\/\/api.w.org\/{rel}","templated":true}]}}