{"id":40,"date":"2023-08-31T16:46:52","date_gmt":"2023-08-31T13:46:52","guid":{"rendered":"http:\/\/www.proargedestek.com\/?page_id=40"},"modified":"2023-09-10T16:32:35","modified_gmt":"2023-09-10T13:32:35","slug":"sistem-muhendisligi","status":"publish","type":"page","link":"https:\/\/www.proargedestek.com\/index.php\/sistem-muhendisligi\/","title":{"rendered":"S\u0130STEM M\u00dcHEND\u0130SL\u0130\u011e\u0130"},"content":{"rendered":"\t\t<div data-elementor-type=\"wp-page\" data-elementor-id=\"40\" class=\"elementor elementor-40\">\n\t\t\t\t\t\t<section class=\"elementor-section elementor-top-section elementor-element elementor-element-b3dfc0b elementor-section-boxed elementor-section-height-default elementor-section-height-default\" data-id=\"b3dfc0b\" data-element_type=\"section\">\n\t\t\t\t\t\t<div class=\"elementor-container elementor-column-gap-default\">\n\t\t\t\t\t<div class=\"elementor-column elementor-col-100 elementor-top-column elementor-element elementor-element-7b013b3\" data-id=\"7b013b3\" data-element_type=\"column\">\n\t\t\t<div class=\"elementor-widget-wrap elementor-element-populated\">\n\t\t\t\t\t\t<div class=\"elementor-element elementor-element-a143899 elementor-widget elementor-widget-text-editor\" data-id=\"a143899\" data-element_type=\"widget\" data-widget_type=\"text-editor.default\">\n\t\t\t\t<div class=\"elementor-widget-container\">\n\t\t\t\t\t\t\t<p>Sistem m\u00fchendisli\u011fi ortaya \u00e7\u0131kar\u0131lmak istenilen \u00fcr\u00fcn\u00fcn kavramsal tasar\u0131m a\u015famas\u0131ndan kullan\u0131m a\u015famas\u0131na ve hatta kullan\u0131mdan \u00e7\u0131kar\u0131lmas\u0131 a\u015famas\u0131na kadar olan t\u00fcm \u201c\u00fcr\u00fcn ya\u015fam d\u00f6ng\u00fcs\u00fcn\u00fcn\u201d y\u00fcr\u00fct\u00fcld\u00fc\u011f\u00fc s\u00fcre\u00e7tir. Dolay\u0131s\u0131yla \u00fcr\u00fcn\u00fc olu\u015fturan t\u00fcm unsurlar\u0131n kusursuz ve fonksiyonel bir \u015fekilde bir araya getirilmesi gerekir. Bu ama\u00e7la ProArGeDestek ekibi olarak i\u015fletmelerin ihtiya\u00e7lar\u0131n\u0131 de\u011ferlendirmeye ve ortaya \u00e7\u0131kartacaklar\u0131 \u00fcr\u00fcn\u00fc tan\u0131mlamaya odaklan\u0131yoruz. Ayr\u0131ca, t\u00fcm disiplin faaliyetlerinin k\u0131r\u0131l\u0131mlar\u0131n\u0131 belirleyerek \u00e7al\u0131\u015fmalar\u0131n y\u00fcr\u00fct\u00fclece\u011fi s\u00fcre\u00e7leri kurguluyoruz.\u00a0<\/p><p>ProArGeDestek ekibi olarak, proje y\u00f6netimiyle birlikte, yukar\u0131da bahsi ge\u00e7en s\u00fcre\u00e7lerin maliyet etkin bir bi\u00e7imde, verilen kapsam, b\u00fct\u00e7e ve takvim k\u0131s\u0131tlar\u0131 ile teknik performans hedefleri (kalite) \u00e7er\u00e7evesinde ger\u00e7ekle\u015ftirilmesinde katk\u0131 sa\u011fl\u0131yoruz.\u00a0<\/p><p><strong>Sistem M\u00fchendisli\u011finin S\u00fcre\u00e7leri\u00a0<\/strong><\/p><ul><li>GEREKS\u0130N\u0130M ANAL\u0130Z\u0130<\/li><\/ul><p>Proje isterlerine ili\u015fkin gereksinimlerin tespiti, analizi ve dok\u00fcmantasyonu<\/p><ul><li>S\u0130STEM M\u0130MAR\u0130 TASARIMI<\/li><\/ul><p>Belirlenen gereksinimlere uygun sistem mimarisi ve kritik tasar\u0131m faaliyetleri<\/p><ul><li>S\u0130MULATOR TASARIMI<\/li><\/ul><p>\u00c7e\u015fitli sim\u00fclasyon ortamlar\u0131nda, kurgulanan sisteme ili\u015fkin sim\u00fclasyon ve analiz faaliyetleri<\/p><ul><li>DOK\u00dcMANTASYON FAAL\u0130YETLER\u0130<\/li><\/ul><p>Projelere ili\u015fkin AQAP, ISO ve TSE gibi kalite standartlar\u0131na uygun dok\u00fcmantasyon faaliyetleri<\/p><ul><li>ALT Y\u00dcKLEN\u0130C\u0130 VE TEDAR\u0130K Y\u00d6NET\u0130M\u0130<\/li><\/ul><p>Proje ihtiya\u00e7lar\u0131na uygun alt y\u00fcklenici ve tedarik ili\u015fkileri y\u00f6netim faaliyetleri<\/p><ul><li>DO\u011eRULAMA S\u00dcRE\u00c7LER\u0130<br \/><br \/><\/li><\/ul><p><strong>Kalifikasyon:<\/strong> \u00c7evresel \u015fartlarda (s\u0131cakl\u0131k, titre\u015fim, nem vb.) sistemin test edilmesi,<\/p><p><strong>Verifikasyon:<\/strong> Fonksiyonlar\u0131n ba\u015far\u0131l\u0131 \u00e7al\u0131\u015f\u0131p \u00e7al\u0131\u015fmad\u0131\u011f\u0131n\u0131n test edilmesi,<\/p><p><strong>Validasyon:<\/strong> \u201c\u00dcr\u00fcn veya sistem i\u00e7in ortaya konan gereksinimler ger\u00e7ekten yeterli mi?\u201d sorusuna cevap verme ve bunun payda\u015flarla do\u011frulanmas\u0131d\u0131r. Do\u011frulama sonras\u0131nda i\u015fletme, bak\u0131m ve ihtiya\u00e7 duyulan de\u011fi\u015fikliklerin ger\u00e7ekle\u015ftirilmesi (revizyon) gibi s\u00fcre\u00e7lerle devam etmektedir.<\/p><div>\u00a0<\/div>\t\t\t\t\t\t<\/div>\n\t\t\t\t<\/div>\n\t\t\t\t\t<\/div>\n\t\t<\/div>\n\t\t\t\t\t<\/div>\n\t\t<\/section>\n\t\t\t\t<\/div>\n\t\t","protected":false},"excerpt":{"rendered":"<p>Sistem m\u00fchendisli\u011fi ortaya \u00e7\u0131kar\u0131lmak istenilen \u00fcr\u00fcn\u00fcn kavramsal tasar\u0131m a\u015famas\u0131ndan kullan\u0131m a\u015famas\u0131na ve hatta kullan\u0131mdan \u00e7\u0131kar\u0131lmas\u0131 a\u015famas\u0131na kadar olan t\u00fcm \u201c\u00fcr\u00fcn ya\u015fam d\u00f6ng\u00fcs\u00fcn\u00fcn\u201d y\u00fcr\u00fct\u00fcld\u00fc\u011f\u00fc s\u00fcre\u00e7tir. Dolay\u0131s\u0131yla \u00fcr\u00fcn\u00fc olu\u015fturan t\u00fcm unsurlar\u0131n kusursuz ve fonksiyonel bir \u015fekilde bir araya getirilmesi gerekir. Bu ama\u00e7la [&hellip;]<\/p>\n","protected":false},"author":1,"featured_media":2816,"parent":0,"menu_order":0,"comment_status":"closed","ping_status":"closed","template":"","meta":{"_monsterinsights_skip_tracking":false,"_monsterinsights_sitenote_active":false,"_monsterinsights_sitenote_note":"","_monsterinsights_sitenote_category":0,"footnotes":""},"class_list":["post-40","page","type-page","status-publish","has-post-thumbnail","hentry"],"aioseo_notices":[],"_links":{"self":[{"href":"https:\/\/www.proargedestek.com\/index.php\/wp-json\/wp\/v2\/pages\/40","targetHints":{"allow":["GET"]}}],"collection":[{"href":"https:\/\/www.proargedestek.com\/index.php\/wp-json\/wp\/v2\/pages"}],"about":[{"href":"https:\/\/www.proargedestek.com\/index.php\/wp-json\/wp\/v2\/types\/page"}],"author":[{"embeddable":true,"href":"https:\/\/www.proargedestek.com\/index.php\/wp-json\/wp\/v2\/users\/1"}],"replies":[{"embeddable":true,"href":"https:\/\/www.proargedestek.com\/index.php\/wp-json\/wp\/v2\/comments?post=40"}],"version-history":[{"count":5,"href":"https:\/\/www.proargedestek.com\/index.php\/wp-json\/wp\/v2\/pages\/40\/revisions"}],"predecessor-version":[{"id":2817,"href":"https:\/\/www.proargedestek.com\/index.php\/wp-json\/wp\/v2\/pages\/40\/revisions\/2817"}],"wp:featuredmedia":[{"embeddable":true,"href":"https:\/\/www.proargedestek.com\/index.php\/wp-json\/wp\/v2\/media\/2816"}],"wp:attachment":[{"href":"https:\/\/www.proargedestek.com\/index.php\/wp-json\/wp\/v2\/media?parent=40"}],"curies":[{"name":"wp","href":"https:\/\/api.w.org\/{rel}","templated":true}]}}