{"id":50,"date":"2023-08-31T16:47:40","date_gmt":"2023-08-31T13:47:40","guid":{"rendered":"http:\/\/www.proargedestek.com\/?page_id=50"},"modified":"2023-09-16T22:49:09","modified_gmt":"2023-09-16T19:49:09","slug":"yapay-zeka-tabanli-uygulamalar","status":"publish","type":"page","link":"https:\/\/www.proargedestek.com\/index.php\/yapay-zeka-tabanli-uygulamalar\/","title":{"rendered":"YAPAY ZEKA \u00c7\u00d6Z\u00dcMLER\u0130"},"content":{"rendered":"\t\t<div data-elementor-type=\"wp-page\" data-elementor-id=\"50\" class=\"elementor elementor-50\">\n\t\t\t\t\t\t<section class=\"elementor-section elementor-top-section elementor-element elementor-element-a5feb5d elementor-section-boxed elementor-section-height-default elementor-section-height-default\" data-id=\"a5feb5d\" data-element_type=\"section\">\n\t\t\t\t\t\t<div class=\"elementor-container elementor-column-gap-default\">\n\t\t\t\t\t<div class=\"elementor-column elementor-col-100 elementor-top-column elementor-element elementor-element-9f6aa09\" data-id=\"9f6aa09\" data-element_type=\"column\">\n\t\t\t<div class=\"elementor-widget-wrap elementor-element-populated\">\n\t\t\t\t\t\t<div class=\"elementor-element elementor-element-5969700 elementor-widget elementor-widget-heading\" data-id=\"5969700\" data-element_type=\"widget\" data-widget_type=\"heading.default\">\n\t\t\t\t<div class=\"elementor-widget-container\">\n\t\t\t<h2 class=\"elementor-heading-title elementor-size-default\">Yapay Zeka \u00c7\u00f6z\u00fcmleri<\/h2>\t\t<\/div>\n\t\t\t\t<\/div>\n\t\t\t\t\t<\/div>\n\t\t<\/div>\n\t\t\t\t\t<\/div>\n\t\t<\/section>\n\t\t\t\t<section class=\"elementor-section elementor-top-section elementor-element elementor-element-4ec4c79 elementor-section-boxed elementor-section-height-default elementor-section-height-default\" data-id=\"4ec4c79\" data-element_type=\"section\">\n\t\t\t\t\t\t<div class=\"elementor-container elementor-column-gap-default\">\n\t\t\t\t\t<div class=\"elementor-column elementor-col-100 elementor-top-column elementor-element elementor-element-a4535fc\" data-id=\"a4535fc\" data-element_type=\"column\">\n\t\t\t<div class=\"elementor-widget-wrap elementor-element-populated\">\n\t\t\t\t\t\t<div class=\"elementor-element elementor-element-66039e4 elementor-widget elementor-widget-text-editor\" data-id=\"66039e4\" data-element_type=\"widget\" data-widget_type=\"text-editor.default\">\n\t\t\t\t<div class=\"elementor-widget-container\">\n\t\t\t\t\t\t\t<p><strong>\u0130htiya\u00e7lar\u0131n\u0131za Y\u00f6nelik Dinamik \u00c7\u00f6z\u00fcmler<\/strong><\/p><p>Veri i\u015fleme ve veri toplama i\u00e7in uyarlanabilir yapay zeka tabanl\u0131 \u00e7\u00f6z\u00fcmler.<\/p>\t\t\t\t\t\t<\/div>\n\t\t\t\t<\/div>\n\t\t\t\t\t<\/div>\n\t\t<\/div>\n\t\t\t\t\t<\/div>\n\t\t<\/section>\n\t\t\t\t<section class=\"elementor-section elementor-top-section elementor-element elementor-element-edac62d elementor-section-boxed elementor-section-height-default elementor-section-height-default\" data-id=\"edac62d\" data-element_type=\"section\">\n\t\t\t\t\t\t<div class=\"elementor-container elementor-column-gap-default\">\n\t\t\t\t\t<div class=\"elementor-column elementor-col-50 elementor-top-column elementor-element elementor-element-9211102\" data-id=\"9211102\" data-element_type=\"column\">\n\t\t\t<div class=\"elementor-widget-wrap elementor-element-populated\">\n\t\t\t\t\t\t<div class=\"elementor-element elementor-element-265d086 elementor-widget elementor-widget-text-editor\" data-id=\"265d086\" data-element_type=\"widget\" data-widget_type=\"text-editor.default\">\n\t\t\t\t<div class=\"elementor-widget-container\">\n\t\t\t\t\t\t\t<ul><li>A\u011f Anomalilerin Tespiti<\/li><li>Hastal\u0131k tespiti<\/li><li>Modelleme<\/li><li>Tahmin Etme<\/li><li>B\u00fcy\u00fck veri i\u015fleme<\/li><li>Karar Destek Sistemleri olu\u015fturma<\/li><li>S\u0131n\u0131fland\u0131rma\u00a0<\/li><li>\u00d6bekleme<\/li><\/ul>\t\t\t\t\t\t<\/div>\n\t\t\t\t<\/div>\n\t\t\t\t\t<\/div>\n\t\t<\/div>\n\t\t\t\t<div class=\"elementor-column elementor-col-50 elementor-top-column elementor-element elementor-element-95191a5\" data-id=\"95191a5\" data-element_type=\"column\">\n\t\t\t<div class=\"elementor-widget-wrap elementor-element-populated\">\n\t\t\t\t\t\t<div class=\"elementor-element elementor-element-f3dcacb elementor-widget elementor-widget-image\" data-id=\"f3dcacb\" data-element_type=\"widget\" data-widget_type=\"image.default\">\n\t\t\t\t<div class=\"elementor-widget-container\">\n\t\t\t\t\t\t\t\t\t\t\t\t\t<img fetchpriority=\"high\" decoding=\"async\" width=\"360\" height=\"270\" src=\"https:\/\/www.proargedestek.com\/wp-content\/uploads\/2023\/09\/istockphoto-1365534802-170667a-360x270.webp\" class=\"attachment-buziness-blog size-buziness-blog wp-image-3006\" alt=\"\" \/>\t\t\t\t\t\t\t\t\t\t\t\t\t<\/div>\n\t\t\t\t<\/div>\n\t\t\t\t\t<\/div>\n\t\t<\/div>\n\t\t\t\t\t<\/div>\n\t\t<\/section>\n\t\t\t\t<section class=\"elementor-section elementor-top-section elementor-element elementor-element-1191496 elementor-section-boxed elementor-section-height-default elementor-section-height-default\" data-id=\"1191496\" data-element_type=\"section\">\n\t\t\t\t\t\t<div class=\"elementor-container elementor-column-gap-default\">\n\t\t\t\t\t<div class=\"elementor-column elementor-col-100 elementor-top-column elementor-element elementor-element-e0f003a\" data-id=\"e0f003a\" data-element_type=\"column\">\n\t\t\t<div class=\"elementor-widget-wrap elementor-element-populated\">\n\t\t\t\t\t\t<div class=\"elementor-element elementor-element-d5bd4ef elementor-widget elementor-widget-text-editor\" data-id=\"d5bd4ef\" data-element_type=\"widget\" data-widget_type=\"text-editor.default\">\n\t\t\t\t<div class=\"elementor-widget-container\">\n\t\t\t\t\t\t\t<p>\u0130\u015fletmenizin ihtiya\u00e7lar\u0131na \u00f6zel olarak tasarlanm\u0131\u015f yapay zeka \u00e7\u00f6z\u00fcmleri ile verilerinizi en \u00fcst d\u00fczeyde de\u011ferlendirerek rekabet avantaj\u0131 elde edin.<\/p>\t\t\t\t\t\t<\/div>\n\t\t\t\t<\/div>\n\t\t\t\t\t<\/div>\n\t\t<\/div>\n\t\t\t\t\t<\/div>\n\t\t<\/section>\n\t\t\t\t<section class=\"elementor-section elementor-top-section elementor-element elementor-element-c6bc497 elementor-section-boxed elementor-section-height-default elementor-section-height-default\" data-id=\"c6bc497\" data-element_type=\"section\">\n\t\t\t\t\t\t<div class=\"elementor-container elementor-column-gap-default\">\n\t\t\t\t\t<div class=\"elementor-column elementor-col-100 elementor-top-column elementor-element elementor-element-b84a61f\" data-id=\"b84a61f\" data-element_type=\"column\">\n\t\t\t<div class=\"elementor-widget-wrap elementor-element-populated\">\n\t\t\t\t\t\t<div class=\"elementor-element elementor-element-549416d elementor-widget elementor-widget-text-editor\" data-id=\"549416d\" data-element_type=\"widget\" data-widget_type=\"text-editor.default\">\n\t\t\t\t<div class=\"elementor-widget-container\">\n\t\t\t\t\t\t\t<p><strong>G\u00fcn\u00fcm\u00fczdeki pop\u00fcler yapay zeka teknolojileri<\/strong><\/p><p>\u2022 <span style=\"color: #0000ff;\"><strong>Do\u011fal Dil \u0130\u015fleme<\/strong><\/span><\/p><p>\u00a0 \u00a0Metnin verilere d\u00f6n\u00fc\u015ft\u00fcr\u00fclmesidir.<\/p><p>\u2022<span style=\"color: #0000ff;\"><strong> Konu\u015fma <span style=\"color: #0000ff;\">tan\u0131ma<\/span><\/strong><\/span><\/p><p><span style=\"color: var( --e-global-color-text ); font-family: var( --e-global-typography-text-font-family ), Sans-serif; font-weight: var( --e-global-typography-text-font-weight ); font-size: 1rem;\">\u00a0 \u00a0<\/span>\u0130nsan konu\u015fmas\u0131n\u0131 bilgisayar yaz\u0131l\u0131m\u0131n\u0131n anlayabilece\u011fi bir formata d\u00f6n\u00fc\u015ft\u00fcr\u00fclmesidir.<\/p><p>\u2022 Makine \u00d6\u011frenimi Platformlar\u0131<\/p><p><span style=\"color: var( --e-global-color-text ); font-family: var( --e-global-typography-text-font-family ), Sans-serif; font-weight: var( --e-global-typography-text-font-weight ); font-size: 1rem;\">\u00a0 \u00a0<\/span>Bilgisayarlara \u00f6\u011frenme yetene\u011fi kazand\u0131ran bir dizi istatistiksel tekniktir.<\/p><p>\u2022 Sanal Temsilciler<\/p><p><span style=\"color: var( --e-global-color-text ); font-family: var( --e-global-typography-text-font-family ), Sans-serif; font-weight: var( --e-global-typography-text-font-weight ); font-size: 1rem;\">\u00a0 \u00a0<\/span>\u0130nsanlarla etkili bir \u015fekilde etkile\u015fime girebilen bir bilgisayar arac\u0131s\u0131 veya programd\u0131r.<\/p><p>\u2022 Derin \u00d6\u011frenme Platformlar\u0131<\/p><p><span style=\"color: var( --e-global-color-text ); font-family: var( --e-global-typography-text-font-family ), Sans-serif; font-weight: var( --e-global-typography-text-font-weight ); font-size: 1rem;\">\u00a0 \u00a0<\/span>Verileri i\u015fleyen ve insan beyninde bulunan sinir h\u00fccrelerine benzer sinir devrelerini kullanarak e\u011filimleri ke\u015ffetmeye yarar. Otomatik konu\u015fma tan\u0131ma, g\u00f6r\u00fcnt\u00fc tan\u0131ma ve dijital alanda tespit edilebilen her \u015feyin yeniden tan\u0131mlanmas\u0131, derin \u00f6\u011frenme uygulamalar\u0131ndan sadece birka\u00e7\u0131d\u0131r.<\/p><p>\u2022 Robotik Proses Otomasyonu<\/p><p><span style=\"color: var( --e-global-color-text ); font-family: var( --e-global-typography-text-font-family ), Sans-serif; font-weight: var( --e-global-typography-text-font-weight ); font-size: 1rem;\">\u00a0 \u00a0<\/span>Kurumsal s\u00fcre\u00e7lerde insan i\u015flevlerinin taklit edilmesidir.<\/p><p>\u2022 Biyometrikler<\/p><p><span style=\"color: var( --e-global-color-text ); font-family: var( --e-global-typography-text-font-family ), Sans-serif; font-weight: var( --e-global-typography-text-font-weight ); font-size: 1rem;\">\u00a0 \u00a0<\/span>\u0130nsan v\u00fccudunun fiziksel \u00f6zelliklerini tan\u0131ma, \u00f6l\u00e7me ve analiz etme bilimidir.<\/p><p>\u2022 Siber Savunma<\/p><p><span style=\"color: var( --e-global-color-text ); font-family: var( --e-global-typography-text-font-family ), Sans-serif; font-weight: var( --e-global-typography-text-font-weight ); font-size: 1rem;\">\u00a0 \u00a0<\/span>Sistem ve veri altyap\u0131s\u0131na y\u00f6nelik sald\u0131r\u0131 ve tehditleri tespit eden, \u00f6nleyen ve azaltan bir bilgisayar savunma mekanizmas\u0131d\u0131r.<\/p><p>\u2022 \u0130\u00e7erik yarat\u0131m\u0131<\/p><p><span style=\"color: var( --e-global-color-text ); font-family: var( --e-global-typography-text-font-family ), Sans-serif; font-weight: var( --e-global-typography-text-font-weight ); font-size: 1rem;\">\u00a0 \u00a0<\/span>\u0130\u00e7erik videolar\u0131, reklamlar, bloglar ve teknik incelemeler olu\u015fturmakt\u0131r.<\/p><p>\u2022 Duygu Tan\u0131ma<\/p><p><span style=\"color: var( --e-global-color-text ); font-family: var( --e-global-typography-text-font-family ), Sans-serif; font-weight: var( --e-global-typography-text-font-weight ); font-size: 1rem;\">\u00a0 \u00a0<\/span>Geli\u015fmi\u015f g\u00f6r\u00fcnt\u00fc i\u015fleme veya ses verisi i\u015fleme kullan\u0131larak insan duygular\u0131n\u0131n okunmas\u0131 ve yorumlanmas\u0131d\u0131r.<\/p>\t\t\t\t\t\t<\/div>\n\t\t\t\t<\/div>\n\t\t\t\t\t<\/div>\n\t\t<\/div>\n\t\t\t\t\t<\/div>\n\t\t<\/section>\n\t\t\t\t<\/div>\n\t\t","protected":false},"excerpt":{"rendered":"<p>Yapay Zeka \u00c7\u00f6z\u00fcmleri \u0130htiya\u00e7lar\u0131n\u0131za Y\u00f6nelik Dinamik \u00c7\u00f6z\u00fcmler Veri i\u015fleme ve veri toplama i\u00e7in uyarlanabilir yapay zeka tabanl\u0131 \u00e7\u00f6z\u00fcmler. A\u011f Anomalilerin Tespiti Hastal\u0131k tespiti Modelleme Tahmin Etme B\u00fcy\u00fck veri i\u015fleme Karar Destek Sistemleri olu\u015fturma S\u0131n\u0131fland\u0131rma\u00a0 \u00d6bekleme \u0130\u015fletmenizin ihtiya\u00e7lar\u0131na \u00f6zel olarak tasarlanm\u0131\u015f [&hellip;]<\/p>\n","protected":false},"author":1,"featured_media":2578,"parent":0,"menu_order":0,"comment_status":"closed","ping_status":"closed","template":"","meta":{"_monsterinsights_skip_tracking":false,"_monsterinsights_sitenote_active":false,"_monsterinsights_sitenote_note":"","_monsterinsights_sitenote_category":0,"footnotes":""},"class_list":["post-50","page","type-page","status-publish","has-post-thumbnail","hentry"],"aioseo_notices":[],"_links":{"self":[{"href":"https:\/\/www.proargedestek.com\/index.php\/wp-json\/wp\/v2\/pages\/50","targetHints":{"allow":["GET"]}}],"collection":[{"href":"https:\/\/www.proargedestek.com\/index.php\/wp-json\/wp\/v2\/pages"}],"about":[{"href":"https:\/\/www.proargedestek.com\/index.php\/wp-json\/wp\/v2\/types\/page"}],"author":[{"embeddable":true,"href":"https:\/\/www.proargedestek.com\/index.php\/wp-json\/wp\/v2\/users\/1"}],"replies":[{"embeddable":true,"href":"https:\/\/www.proargedestek.com\/index.php\/wp-json\/wp\/v2\/comments?post=50"}],"version-history":[{"count":29,"href":"https:\/\/www.proargedestek.com\/index.php\/wp-json\/wp\/v2\/pages\/50\/revisions"}],"predecessor-version":[{"id":3170,"href":"https:\/\/www.proargedestek.com\/index.php\/wp-json\/wp\/v2\/pages\/50\/revisions\/3170"}],"wp:featuredmedia":[{"embeddable":true,"href":"https:\/\/www.proargedestek.com\/index.php\/wp-json\/wp\/v2\/media\/2578"}],"wp:attachment":[{"href":"https:\/\/www.proargedestek.com\/index.php\/wp-json\/wp\/v2\/media?parent=50"}],"curies":[{"name":"wp","href":"https:\/\/api.w.org\/{rel}","templated":true}]}}