{"id":56,"date":"2023-08-31T16:50:38","date_gmt":"2023-08-31T13:50:38","guid":{"rendered":"http:\/\/www.proargedestek.com\/?page_id=56"},"modified":"2023-09-16T22:27:47","modified_gmt":"2023-09-16T19:27:47","slug":"saglik-teknolojileri-ve-danismanlik","status":"publish","type":"page","link":"https:\/\/www.proargedestek.com\/index.php\/saglik-teknolojileri-ve-danismanlik\/","title":{"rendered":"SA\u011eLIK\u00a0TEKNOLOJ\u0130LER\u0130 VE DANI\u015eMANLIK"},"content":{"rendered":"\t\t<div data-elementor-type=\"wp-page\" data-elementor-id=\"56\" class=\"elementor elementor-56\">\n\t\t\t\t\t\t<section class=\"elementor-section elementor-top-section elementor-element elementor-element-acd0611 elementor-section-boxed elementor-section-height-default elementor-section-height-default\" data-id=\"acd0611\" data-element_type=\"section\">\n\t\t\t\t\t\t<div class=\"elementor-container elementor-column-gap-default\">\n\t\t\t\t\t<div class=\"elementor-column elementor-col-100 elementor-top-column elementor-element elementor-element-fae4e9c elementor-invisible\" data-id=\"fae4e9c\" data-element_type=\"column\" data-settings=\"{&quot;animation&quot;:&quot;fadeInDown&quot;}\">\n\t\t\t<div class=\"elementor-widget-wrap elementor-element-populated\">\n\t\t\t\t\t\t<div class=\"elementor-element elementor-element-d14d5ac elementor-widget elementor-widget-heading\" data-id=\"d14d5ac\" data-element_type=\"widget\" data-widget_type=\"heading.default\">\n\t\t\t\t<div class=\"elementor-widget-container\">\n\t\t\t<h2 class=\"elementor-heading-title elementor-size-default\">Sa\u011fl\u0131k Teknolojiler ve Dan\u0131\u015fmanl\u0131k<\/h2>\t\t<\/div>\n\t\t\t\t<\/div>\n\t\t\t\t\t<\/div>\n\t\t<\/div>\n\t\t\t\t\t<\/div>\n\t\t<\/section>\n\t\t\t\t<section class=\"elementor-section elementor-top-section elementor-element elementor-element-8b056db elementor-section-boxed elementor-section-height-default elementor-section-height-default\" data-id=\"8b056db\" data-element_type=\"section\">\n\t\t\t\t\t\t<div class=\"elementor-container elementor-column-gap-default\">\n\t\t\t\t\t<div class=\"elementor-column elementor-col-100 elementor-top-column elementor-element elementor-element-c1484c3 elementor-invisible\" data-id=\"c1484c3\" data-element_type=\"column\" data-settings=\"{&quot;animation&quot;:&quot;fadeInLeft&quot;}\">\n\t\t\t<div class=\"elementor-widget-wrap elementor-element-populated\">\n\t\t\t\t\t\t<div class=\"elementor-element elementor-element-7ca2cf5 elementor-widget elementor-widget-text-editor\" data-id=\"7ca2cf5\" data-element_type=\"widget\" data-widget_type=\"text-editor.default\">\n\t\t\t\t<div class=\"elementor-widget-container\">\n\t\t\t\t\t\t\t<p>Medikal teknolojiler, insanlar\u0131n hayatlar\u0131n\u0131 kurtarmak ve iyile\u015ftirmek i\u00e7in kullan\u0131lan \u00fcr\u00fcnler, hizmetler veya \u00e7\u00f6z\u00fcmlerdir.<\/p>\t\t\t\t\t\t<\/div>\n\t\t\t\t<\/div>\n\t\t\t\t\t<\/div>\n\t\t<\/div>\n\t\t\t\t\t<\/div>\n\t\t<\/section>\n\t\t\t\t<section class=\"elementor-section elementor-top-section elementor-element elementor-element-1ba2584 elementor-section-boxed elementor-section-height-default elementor-section-height-default\" data-id=\"1ba2584\" data-element_type=\"section\">\n\t\t\t\t\t\t<div class=\"elementor-container elementor-column-gap-default\">\n\t\t\t\t\t<div class=\"elementor-column elementor-col-50 elementor-top-column elementor-element elementor-element-73a3885\" data-id=\"73a3885\" data-element_type=\"column\">\n\t\t\t<div class=\"elementor-widget-wrap elementor-element-populated\">\n\t\t\t\t\t\t<div class=\"elementor-element elementor-element-caec6ef elementor-invisible elementor-widget elementor-widget-text-editor\" data-id=\"caec6ef\" data-element_type=\"widget\" data-settings=\"{&quot;_animation&quot;:&quot;fadeInLeft&quot;}\" data-widget_type=\"text-editor.default\">\n\t\t\t\t<div class=\"elementor-widget-container\">\n\t\t\t\t\t\t\t<h4><strong><span style=\"color: #800080;\">T\u0131bbi teknolojiler her zaman yan\u0131n\u0131zda<\/span><\/strong><\/h4><p>Hamilelik testlerinden ultrason taramalar\u0131na kadar t\u0131bbi teknoloji daha do\u011fmadan yan\u0131n\u0131zda. \u00c7ocukken dizinizi ka\u015f\u0131d\u0131ysan\u0131z al\u00e7\u0131 tak\u0131yordunuz; G\u00f6r\u00fc\u015f\u00fcn\u00fcz bulan\u0131ksa g\u00f6zl\u00fckleriniz var demektir.<\/p><p>Kendinizi iyi hissetmedi\u011finizde, te\u015fhis ve t\u0131bbi cihazlar, sa\u011fl\u0131k profesyonellerinin sizi m\u00fcmk\u00fcn olan en k\u0131sa s\u00fcrede sa\u011fl\u0131\u011f\u0131n\u0131za kavu\u015fturmas\u0131na yard\u0131mc\u0131 olur.<\/p><p>Ameliyata ihtiya\u00e7 duyman\u0131z durumunda t\u0131bbi teknolojiler, ihtiyac\u0131n\u0131z olan bak\u0131m\u0131 g\u00fcvenli ve minimal d\u00fczeyde invaziv bir \u015fekilde alman\u0131z\u0131 sa\u011flayacakt\u0131r; kan damarlar\u0131n\u0131z t\u0131kan\u0131rsa stentler yolu a\u00e7man\u0131za yard\u0131mc\u0131 olabilir; E\u011fer ciddi bir \u015fekilde hastaysan\u0131z, MRI taramas\u0131 bunun nedenini bulabilir; Takibe ihtiyac\u0131n\u0131z varsa dijital sa\u011fl\u0131k ara\u00e7lar\u0131 sa\u011fl\u0131k durumunuzu kontrol edebilir ve hayati verileri sa\u011fl\u0131k profesyonellerine iletebilir.<\/p>\t\t\t\t\t\t<\/div>\n\t\t\t\t<\/div>\n\t\t\t\t\t<\/div>\n\t\t<\/div>\n\t\t\t\t<div class=\"elementor-column elementor-col-50 elementor-top-column elementor-element elementor-element-c8481f6\" data-id=\"c8481f6\" data-element_type=\"column\">\n\t\t\t<div class=\"elementor-widget-wrap elementor-element-populated\">\n\t\t\t\t\t\t<div class=\"elementor-element elementor-element-b940179 elementor-widget elementor-widget-spacer\" data-id=\"b940179\" data-element_type=\"widget\" data-widget_type=\"spacer.default\">\n\t\t\t\t<div class=\"elementor-widget-container\">\n\t\t\t\t\t<div class=\"elementor-spacer\">\n\t\t\t<div class=\"elementor-spacer-inner\"><\/div>\n\t\t<\/div>\n\t\t\t\t<\/div>\n\t\t\t\t<\/div>\n\t\t\t\t<div class=\"elementor-element elementor-element-bb57959 elementor-widget elementor-widget-spacer\" data-id=\"bb57959\" data-element_type=\"widget\" data-widget_type=\"spacer.default\">\n\t\t\t\t<div class=\"elementor-widget-container\">\n\t\t\t\t\t<div class=\"elementor-spacer\">\n\t\t\t<div class=\"elementor-spacer-inner\"><\/div>\n\t\t<\/div>\n\t\t\t\t<\/div>\n\t\t\t\t<\/div>\n\t\t\t\t<div class=\"elementor-element elementor-element-bde547a elementor-invisible elementor-widget elementor-widget-image\" data-id=\"bde547a\" data-element_type=\"widget\" data-settings=\"{&quot;_animation&quot;:&quot;fadeInRight&quot;}\" data-widget_type=\"image.default\">\n\t\t\t\t<div class=\"elementor-widget-container\">\n\t\t\t\t\t\t\t\t\t\t\t\t\t<img fetchpriority=\"high\" decoding=\"async\" width=\"640\" height=\"427\" src=\"https:\/\/www.proargedestek.com\/wp-content\/uploads\/2023\/09\/robotik-cerrahi-7.jpg\" class=\"attachment-large size-large wp-image-2909\" alt=\"\" srcset=\"https:\/\/www.proargedestek.com\/wp-content\/uploads\/2023\/09\/robotik-cerrahi-7.jpg 700w, https:\/\/www.proargedestek.com\/wp-content\/uploads\/2023\/09\/robotik-cerrahi-7-300x200.jpg 300w\" sizes=\"(max-width: 640px) 100vw, 640px\" \/>\t\t\t\t\t\t\t\t\t\t\t\t\t<\/div>\n\t\t\t\t<\/div>\n\t\t\t\t\t<\/div>\n\t\t<\/div>\n\t\t\t\t\t<\/div>\n\t\t<\/section>\n\t\t\t\t<section class=\"elementor-section elementor-top-section elementor-element elementor-element-6d4d223 elementor-section-boxed elementor-section-height-default elementor-section-height-default\" data-id=\"6d4d223\" data-element_type=\"section\">\n\t\t\t\t\t\t<div class=\"elementor-container elementor-column-gap-default\">\n\t\t\t\t\t<div class=\"elementor-column elementor-col-100 elementor-top-column elementor-element elementor-element-363b63c elementor-invisible\" data-id=\"363b63c\" data-element_type=\"column\" data-settings=\"{&quot;animation&quot;:&quot;fadeInLeft&quot;}\">\n\t\t\t<div class=\"elementor-widget-wrap elementor-element-populated\">\n\t\t\t\t\t\t<div class=\"elementor-element elementor-element-6b530eb elementor-widget elementor-widget-text-editor\" data-id=\"6b530eb\" data-element_type=\"widget\" data-widget_type=\"text-editor.default\">\n\t\t\t\t<div class=\"elementor-widget-container\">\n\t\t\t\t\t\t\t<p>T\u0131bbi teknolojinin bir\u00e7ok bi\u00e7imi sa\u011fl\u0131\u011fa ve ya\u015fam kalitesine faydal\u0131d\u0131r. ProArGeDestek sundu\u011fu hizmetler:<\/p><p>\u00d6nleme\u00a0<\/p><p><span style=\"color: #0000ff;\">T\u0131bbi teknoloji, \u00f6rne\u011fin erken tespit ara\u00e7lar\u0131 arac\u0131l\u0131\u011f\u0131yla hastal\u0131klar\u0131n, yaralanmalar\u0131n veya di\u011fer durumlar\u0131n \u00f6nlenmesine destek olabilir<\/span><\/p><p>Te\u015fhis<\/p><p><span style=\"color: #0000ff;\">In vitro diagnostik test sonu\u00e7lar\u0131, belirli bir durumun tan\u0131mlanmas\u0131na, geli\u015ftirilmesine ve tedavi se\u00e7imine yard\u0131mc\u0131 olur.<\/span><\/p><p>\u0130zleme<\/p><p><span style=\"color: #0000ff;\">T\u0131bbi teknoloji, hastalar\u0131n bir hastal\u0131\u011f\u0131n veya kronik durumun durumunu kontrol etmelerine yard\u0131mc\u0131 olur.<\/span><\/p><p>Tedavi<\/p><p><span style=\"color: #0000ff;\">T\u0131bbi teknoloji, hastalar\u0131n yaralanma ve hastal\u0131klar\u0131n \u00fcstesinden gelmesine veya kronik hastal\u0131klar\u0131 tedavi etmesine yard\u0131mc\u0131 olur.<\/span><\/p><p>Bak\u0131m<\/p><p><span style=\"color: #0000ff;\">T\u0131bbi teknoloji t\u00fcm bak\u0131m s\u00fcrecinde bulunur, iyile\u015fmeyi h\u0131zland\u0131r\u0131r ve insanlar\u0131 sa\u011fl\u0131kl\u0131 tutar.<\/span><\/p><p>T\u0131bbi teknoloji \u015firketleri, hastal\u0131klar\u0131n veya rahats\u0131zl\u0131klar\u0131n \u00f6nlenmesinde, te\u015fhisinde veya tedavisinde veya baz\u0131 sa\u011fl\u0131k ama\u00e7lar\u0131 do\u011frultusunda v\u00fccudun yap\u0131s\u0131n\u0131 veya i\u015flevini tespit etmek, \u00f6l\u00e7mek, onarmak, d\u00fczeltmek veya de\u011fi\u015ftirmek i\u00e7in kullan\u0131lan cihazlar\u0131 ara\u015ft\u0131r\u0131r, geli\u015ftirir ve \u00fcretir.\u00a0<\/p>\t\t\t\t\t\t<\/div>\n\t\t\t\t<\/div>\n\t\t\t\t\t<\/div>\n\t\t<\/div>\n\t\t\t\t\t<\/div>\n\t\t<\/section>\n\t\t\t\t<\/div>\n\t\t","protected":false},"excerpt":{"rendered":"<p>Sa\u011fl\u0131k Teknolojiler ve Dan\u0131\u015fmanl\u0131k Medikal teknolojiler, insanlar\u0131n hayatlar\u0131n\u0131 kurtarmak ve iyile\u015ftirmek i\u00e7in kullan\u0131lan \u00fcr\u00fcnler, hizmetler veya \u00e7\u00f6z\u00fcmlerdir. T\u0131bbi teknolojiler her zaman yan\u0131n\u0131zda Hamilelik testlerinden ultrason taramalar\u0131na kadar t\u0131bbi teknoloji daha do\u011fmadan yan\u0131n\u0131zda. \u00c7ocukken dizinizi ka\u015f\u0131d\u0131ysan\u0131z al\u00e7\u0131 tak\u0131yordunuz; G\u00f6r\u00fc\u015f\u00fcn\u00fcz bulan\u0131ksa g\u00f6zl\u00fckleriniz [&hellip;]<\/p>\n","protected":false},"author":1,"featured_media":2688,"parent":0,"menu_order":0,"comment_status":"closed","ping_status":"closed","template":"","meta":{"_monsterinsights_skip_tracking":false,"_monsterinsights_sitenote_active":false,"_monsterinsights_sitenote_note":"","_monsterinsights_sitenote_category":0,"footnotes":""},"class_list":["post-56","page","type-page","status-publish","has-post-thumbnail","hentry"],"aioseo_notices":[],"_links":{"self":[{"href":"https:\/\/www.proargedestek.com\/index.php\/wp-json\/wp\/v2\/pages\/56","targetHints":{"allow":["GET"]}}],"collection":[{"href":"https:\/\/www.proargedestek.com\/index.php\/wp-json\/wp\/v2\/pages"}],"about":[{"href":"https:\/\/www.proargedestek.com\/index.php\/wp-json\/wp\/v2\/types\/page"}],"author":[{"embeddable":true,"href":"https:\/\/www.proargedestek.com\/index.php\/wp-json\/wp\/v2\/users\/1"}],"replies":[{"embeddable":true,"href":"https:\/\/www.proargedestek.com\/index.php\/wp-json\/wp\/v2\/comments?post=56"}],"version-history":[{"count":22,"href":"https:\/\/www.proargedestek.com\/index.php\/wp-json\/wp\/v2\/pages\/56\/revisions"}],"predecessor-version":[{"id":3107,"href":"https:\/\/www.proargedestek.com\/index.php\/wp-json\/wp\/v2\/pages\/56\/revisions\/3107"}],"wp:featuredmedia":[{"embeddable":true,"href":"https:\/\/www.proargedestek.com\/index.php\/wp-json\/wp\/v2\/media\/2688"}],"wp:attachment":[{"href":"https:\/\/www.proargedestek.com\/index.php\/wp-json\/wp\/v2\/media?parent=56"}],"curies":[{"name":"wp","href":"https:\/\/api.w.org\/{rel}","templated":true}]}}