{"id":62,"date":"2023-08-31T16:51:09","date_gmt":"2023-08-31T13:51:09","guid":{"rendered":"http:\/\/www.proargedestek.com\/?page_id=62"},"modified":"2023-09-03T13:08:00","modified_gmt":"2023-09-03T10:08:00","slug":"ses-goruntu-ve-video-analiz-ve-cozumleri","status":"publish","type":"page","link":"https:\/\/www.proargedestek.com\/index.php\/ses-goruntu-ve-video-analiz-ve-cozumleri\/","title":{"rendered":"SES, G\u00d6R\u00dcNT\u00dc VE V\u0130DEO ANAL\u0130Z VE \u00c7\u00d6Z\u00dcMLER\u0130"},"content":{"rendered":"","protected":false},"excerpt":{"rendered":"","protected":false},"author":1,"featured_media":2580,"parent":0,"menu_order":0,"comment_status":"closed","ping_status":"closed","template":"","meta":{"_monsterinsights_skip_tracking":false,"_monsterinsights_sitenote_active":false,"_monsterinsights_sitenote_note":"","_monsterinsights_sitenote_category":0,"footnotes":""},"class_list":["post-62","page","type-page","status-publish","has-post-thumbnail","hentry"],"aioseo_notices":[],"_links":{"self":[{"href":"https:\/\/www.proargedestek.com\/index.php\/wp-json\/wp\/v2\/pages\/62","targetHints":{"allow":["GET"]}}],"collection":[{"href":"https:\/\/www.proargedestek.com\/index.php\/wp-json\/wp\/v2\/pages"}],"about":[{"href":"https:\/\/www.proargedestek.com\/index.php\/wp-json\/wp\/v2\/types\/page"}],"author":[{"embeddable":true,"href":"https:\/\/www.proargedestek.com\/index.php\/wp-json\/wp\/v2\/users\/1"}],"replies":[{"embeddable":true,"href":"https:\/\/www.proargedestek.com\/index.php\/wp-json\/wp\/v2\/comments?post=62"}],"version-history":[{"count":1,"href":"https:\/\/www.proargedestek.com\/index.php\/wp-json\/wp\/v2\/pages\/62\/revisions"}],"predecessor-version":[{"id":63,"href":"https:\/\/www.proargedestek.com\/index.php\/wp-json\/wp\/v2\/pages\/62\/revisions\/63"}],"wp:featuredmedia":[{"embeddable":true,"href":"https:\/\/www.proargedestek.com\/index.php\/wp-json\/wp\/v2\/media\/2580"}],"wp:attachment":[{"href":"https:\/\/www.proargedestek.com\/index.php\/wp-json\/wp\/v2\/media?parent=62"}],"curies":[{"name":"wp","href":"https:\/\/api.w.org\/{rel}","templated":true}]}}