{"id":70,"date":"2023-08-31T16:51:58","date_gmt":"2023-08-31T13:51:58","guid":{"rendered":"http:\/\/www.proargedestek.com\/?page_id=70"},"modified":"2023-09-04T09:56:36","modified_gmt":"2023-09-04T06:56:36","slug":"eklenecek","status":"publish","type":"page","link":"https:\/\/www.proargedestek.com\/index.php\/eklenecek\/","title":{"rendered":"AKADEM\u0130"},"content":{"rendered":"<p>Akademik alanda, ara\u015ft\u0131rmalar\u0131n\u0131z\u0131 ve \u00e7al\u0131\u015fmalar\u0131n\u0131z\u0131 desteklemek i\u00e7in buraday\u0131z. Makaleler, tezler ve di\u011fer akademik projelerinizde size rehberlik ediyoruz.<\/p>\n","protected":false},"excerpt":{"rendered":"<p>Akademik alanda, ara\u015ft\u0131rmalar\u0131n\u0131z\u0131 ve \u00e7al\u0131\u015fmalar\u0131n\u0131z\u0131 desteklemek i\u00e7in buraday\u0131z. Makaleler, tezler ve di\u011fer akademik projelerinizde size rehberlik ediyoruz.<\/p>\n","protected":false},"author":1,"featured_media":2787,"parent":0,"menu_order":0,"comment_status":"closed","ping_status":"closed","template":"","meta":{"_monsterinsights_skip_tracking":false,"_monsterinsights_sitenote_active":false,"_monsterinsights_sitenote_note":"","_monsterinsights_sitenote_category":0,"footnotes":""},"class_list":["post-70","page","type-page","status-publish","has-post-thumbnail","hentry"],"aioseo_notices":[],"_links":{"self":[{"href":"https:\/\/www.proargedestek.com\/index.php\/wp-json\/wp\/v2\/pages\/70","targetHints":{"allow":["GET"]}}],"collection":[{"href":"https:\/\/www.proargedestek.com\/index.php\/wp-json\/wp\/v2\/pages"}],"about":[{"href":"https:\/\/www.proargedestek.com\/index.php\/wp-json\/wp\/v2\/types\/page"}],"author":[{"embeddable":true,"href":"https:\/\/www.proargedestek.com\/index.php\/wp-json\/wp\/v2\/users\/1"}],"replies":[{"embeddable":true,"href":"https:\/\/www.proargedestek.com\/index.php\/wp-json\/wp\/v2\/comments?post=70"}],"version-history":[{"count":7,"href":"https:\/\/www.proargedestek.com\/index.php\/wp-json\/wp\/v2\/pages\/70\/revisions"}],"predecessor-version":[{"id":2531,"href":"https:\/\/www.proargedestek.com\/index.php\/wp-json\/wp\/v2\/pages\/70\/revisions\/2531"}],"wp:featuredmedia":[{"embeddable":true,"href":"https:\/\/www.proargedestek.com\/index.php\/wp-json\/wp\/v2\/media\/2787"}],"wp:attachment":[{"href":"https:\/\/www.proargedestek.com\/index.php\/wp-json\/wp\/v2\/media?parent=70"}],"curies":[{"name":"wp","href":"https:\/\/api.w.org\/{rel}","templated":true}]}}